{"id":782,"date":"2026-04-04T20:42:25","date_gmt":"2026-04-04T20:42:25","guid":{"rendered":"https:\/\/vtcs.ch\/neueseite\/?page_id=782"},"modified":"2026-04-05T13:22:58","modified_gmt":"2026-04-05T13:22:58","slug":"kontakt","status":"publish","type":"page","link":"https:\/\/vtcs.ch\/index.php\/kontakt\/","title":{"rendered":"Kontakt"},"content":{"rendered":"\t\t<div data-elementor-type=\"wp-page\" data-elementor-id=\"782\" class=\"elementor elementor-782\">\n\t\t\t\t<div class=\"elementor-element elementor-element-8207151 e-con-full e-flex e-con e-parent\" data-id=\"8207151\" data-element_type=\"container\" data-e-type=\"container\">\n\t\t\t\t<div class=\"elementor-element elementor-element-a9264b6 elementor-widget elementor-widget-heading\" data-id=\"a9264b6\" data-element_type=\"widget\" data-e-type=\"widget\" data-widget_type=\"heading.default\">\n\t\t\t\t<div class=\"elementor-widget-container\">\n\t\t\t\t\t<h2 class=\"elementor-heading-title elementor-size-default\">Kontakt<\/h2>\t\t\t\t<\/div>\n\t\t\t\t<\/div>\n\t\t\t\t<\/div>\n\t\t<div class=\"elementor-element elementor-element-ad5712e e-con-full e-flex e-con e-parent\" data-id=\"ad5712e\" data-element_type=\"container\" data-e-type=\"container\">\n\t\t\t\t<div class=\"elementor-element elementor-element-5c3c783 elementor-widget elementor-widget-text-editor\" data-id=\"5c3c783\" data-element_type=\"widget\" data-e-type=\"widget\" data-widget_type=\"text-editor.default\">\n\t\t\t\t<div class=\"elementor-widget-container\">\n\t\t\t\t\t\t\t\t\t<div class=\"container container-content-excerpt\"><div class=\"row justify-content-center\"><div class=\"col-12 col-xxl-10\"><div class=\"row\"><div class=\"col-12 col-xl-10 font-size-excerpt mb-4\"><p>Pr\u00e4sident:<\/p><p style=\"text-align: left;\"><span style=\"font-size: 1rem;\">Christian Bonadimann<br \/>mail: praesident@vtcs.ch<br \/><\/span><\/p><\/div><\/div><\/div><\/div><\/div>\t\t\t\t\t\t\t\t<\/div>\n\t\t\t\t<\/div>\n\t\t\t\t<div class=\"elementor-element elementor-element-e2d245e elementor-widget elementor-widget-text-editor\" data-id=\"e2d245e\" data-element_type=\"widget\" data-e-type=\"widget\" data-widget_type=\"text-editor.default\">\n\t\t\t\t<div class=\"elementor-widget-container\">\n\t\t\t\t\t\t\t\t\t<div class=\"container container-content-excerpt\"><div class=\"row justify-content-center\"><div class=\"col-12 col-xxl-10\"><div class=\"row\"><div class=\"col-12 col-xl-10 font-size-excerpt mb-4\"><p>VTCS &#8211; Velo Trial Club St\u00e4fa<br \/>Gl\u00e4rnischstrasse 58<br \/>8712 St\u00e4fa<\/p><p>mail: info@vtcs.ch<\/p><\/div><\/div><\/div><\/div><\/div>\t\t\t\t\t\t\t\t<\/div>\n\t\t\t\t<\/div>\n\t\t\t\t<\/div>\n\t\t<div class=\"elementor-element elementor-element-ffd43de e-con-full e-flex e-con e-parent\" data-id=\"ffd43de\" data-element_type=\"container\" data-e-type=\"container\">\n\t\t<div class=\"elementor-element elementor-element-628aa86 e-grid e-con-full e-con e-child\" data-id=\"628aa86\" data-element_type=\"container\" data-e-type=\"container\">\n\t\t\t\t<div class=\"elementor-element elementor-element-b731a5a elementor-widget elementor-widget-image\" data-id=\"b731a5a\" data-element_type=\"widget\" data-e-type=\"widget\" data-widget_type=\"image.default\">\n\t\t\t\t<div class=\"elementor-widget-container\">\n\t\t\t\t\t\t\t\t\t\t\t\t\t\t\t\t<a href=\"https:\/\/www.atzmaennig.ch\/\">\n\t\t\t\t\t\t\t<img fetchpriority=\"high\" decoding=\"async\" width=\"800\" height=\"450\" src=\"https:\/\/vtcs.ch\/wp-content\/uploads\/2026\/04\/atzmaennig-1024x576.png\" class=\"attachment-large size-large wp-image-978\" alt=\"\" srcset=\"https:\/\/vtcs.ch\/wp-content\/uploads\/2026\/04\/atzmaennig-1024x576.png 1024w, https:\/\/vtcs.ch\/wp-content\/uploads\/2026\/04\/atzmaennig-300x169.png 300w, https:\/\/vtcs.ch\/wp-content\/uploads\/2026\/04\/atzmaennig-768x432.png 768w, https:\/\/vtcs.ch\/wp-content\/uploads\/2026\/04\/atzmaennig.png 1280w\" sizes=\"(max-width: 800px) 100vw, 800px\" \/>\t\t\t\t\t\t\t\t<\/a>\n\t\t\t\t\t\t\t\t\t\t\t\t\t\t\t<\/div>\n\t\t\t\t<\/div>\n\t\t\t\t<div class=\"elementor-element elementor-element-f563139 elementor-widget elementor-widget-image\" data-id=\"f563139\" data-element_type=\"widget\" data-e-type=\"widget\" data-widget_type=\"image.default\">\n\t\t\t\t<div class=\"elementor-widget-container\">\n\t\t\t\t\t\t\t\t\t\t\t\t\t\t\t\t<a href=\"https:\/\/schmidkran.ch\/\">\n\t\t\t\t\t\t\t<img decoding=\"async\" width=\"800\" height=\"450\" src=\"https:\/\/vtcs.ch\/wp-content\/uploads\/2026\/04\/schmidkran-1024x576.png\" class=\"attachment-large size-large wp-image-984\" alt=\"\" srcset=\"https:\/\/vtcs.ch\/wp-content\/uploads\/2026\/04\/schmidkran-1024x576.png 1024w, https:\/\/vtcs.ch\/wp-content\/uploads\/2026\/04\/schmidkran-300x169.png 300w, https:\/\/vtcs.ch\/wp-content\/uploads\/2026\/04\/schmidkran-768x432.png 768w, https:\/\/vtcs.ch\/wp-content\/uploads\/2026\/04\/schmidkran.png 1280w\" sizes=\"(max-width: 800px) 100vw, 800px\" \/>\t\t\t\t\t\t\t\t<\/a>\n\t\t\t\t\t\t\t\t\t\t\t\t\t\t\t<\/div>\n\t\t\t\t<\/div>\n\t\t\t\t<div class=\"elementor-element elementor-element-8697f35 elementor-widget elementor-widget-image\" data-id=\"8697f35\" data-element_type=\"widget\" data-e-type=\"widget\" data-widget_type=\"image.default\">\n\t\t\t\t<div class=\"elementor-widget-container\">\n\t\t\t\t\t\t\t\t\t\t\t\t\t\t\t\t<a href=\"https:\/\/www.becycling.ch\/\">\n\t\t\t\t\t\t\t<img decoding=\"async\" width=\"800\" height=\"450\" src=\"https:\/\/vtcs.ch\/wp-content\/uploads\/2026\/04\/bycycling-1024x576.png\" class=\"attachment-large size-large wp-image-979\" alt=\"\" srcset=\"https:\/\/vtcs.ch\/wp-content\/uploads\/2026\/04\/bycycling-1024x576.png 1024w, https:\/\/vtcs.ch\/wp-content\/uploads\/2026\/04\/bycycling-300x169.png 300w, https:\/\/vtcs.ch\/wp-content\/uploads\/2026\/04\/bycycling-768x432.png 768w, https:\/\/vtcs.ch\/wp-content\/uploads\/2026\/04\/bycycling.png 1280w\" sizes=\"(max-width: 800px) 100vw, 800px\" \/>\t\t\t\t\t\t\t\t<\/a>\n\t\t\t\t\t\t\t\t\t\t\t\t\t\t\t<\/div>\n\t\t\t\t<\/div>\n\t\t\t\t<div class=\"elementor-element elementor-element-31ef90b elementor-widget elementor-widget-image\" data-id=\"31ef90b\" data-element_type=\"widget\" data-e-type=\"widget\" data-widget_type=\"image.default\">\n\t\t\t\t<div class=\"elementor-widget-container\">\n\t\t\t\t\t\t\t\t\t\t\t\t\t\t\t\t<a href=\"https:\/\/www.ggmeilen.ch\/\">\n\t\t\t\t\t\t\t<img loading=\"lazy\" decoding=\"async\" width=\"800\" height=\"450\" src=\"https:\/\/vtcs.ch\/wp-content\/uploads\/2026\/04\/ggbmeilen-1024x576.png\" class=\"attachment-large size-large wp-image-981\" alt=\"\" srcset=\"https:\/\/vtcs.ch\/wp-content\/uploads\/2026\/04\/ggbmeilen-1024x576.png 1024w, https:\/\/vtcs.ch\/wp-content\/uploads\/2026\/04\/ggbmeilen-300x169.png 300w, https:\/\/vtcs.ch\/wp-content\/uploads\/2026\/04\/ggbmeilen-768x432.png 768w, https:\/\/vtcs.ch\/wp-content\/uploads\/2026\/04\/ggbmeilen.png 1280w\" sizes=\"(max-width: 800px) 100vw, 800px\" \/>\t\t\t\t\t\t\t\t<\/a>\n\t\t\t\t\t\t\t\t\t\t\t\t\t\t\t<\/div>\n\t\t\t\t<\/div>\n\t\t\t\t<div class=\"elementor-element elementor-element-4c3bde6 elementor-widget elementor-widget-image\" data-id=\"4c3bde6\" data-element_type=\"widget\" data-e-type=\"widget\" data-widget_type=\"image.default\">\n\t\t\t\t<div class=\"elementor-widget-container\">\n\t\t\t\t\t\t\t\t\t\t\t\t\t\t\t\t<a href=\"https:\/\/www.pmzimmerei.ch\/\">\n\t\t\t\t\t\t\t<img loading=\"lazy\" decoding=\"async\" width=\"800\" height=\"450\" src=\"https:\/\/vtcs.ch\/wp-content\/uploads\/2026\/04\/pmzimmerei-1024x576.png\" class=\"attachment-large size-large wp-image-990\" alt=\"\" srcset=\"https:\/\/vtcs.ch\/wp-content\/uploads\/2026\/04\/pmzimmerei-1024x576.png 1024w, https:\/\/vtcs.ch\/wp-content\/uploads\/2026\/04\/pmzimmerei-300x169.png 300w, https:\/\/vtcs.ch\/wp-content\/uploads\/2026\/04\/pmzimmerei-768x432.png 768w, https:\/\/vtcs.ch\/wp-content\/uploads\/2026\/04\/pmzimmerei.png 1280w\" sizes=\"(max-width: 800px) 100vw, 800px\" \/>\t\t\t\t\t\t\t\t<\/a>\n\t\t\t\t\t\t\t\t\t\t\t\t\t\t\t<\/div>\n\t\t\t\t<\/div>\n\t\t\t\t<div class=\"elementor-element elementor-element-1aa7720 elementor-widget elementor-widget-image\" data-id=\"1aa7720\" data-element_type=\"widget\" data-e-type=\"widget\" data-widget_type=\"image.default\">\n\t\t\t\t<div class=\"elementor-widget-container\">\n\t\t\t\t\t\t\t\t\t\t\t\t\t\t\t\t<a href=\"https:\/\/www.luzi.com\/\">\n\t\t\t\t\t\t\t<img loading=\"lazy\" decoding=\"async\" width=\"800\" height=\"450\" src=\"https:\/\/vtcs.ch\/wp-content\/uploads\/2026\/04\/luzi-1024x576.png\" class=\"attachment-large size-large wp-image-982\" alt=\"\" srcset=\"https:\/\/vtcs.ch\/wp-content\/uploads\/2026\/04\/luzi-1024x576.png 1024w, https:\/\/vtcs.ch\/wp-content\/uploads\/2026\/04\/luzi-300x169.png 300w, https:\/\/vtcs.ch\/wp-content\/uploads\/2026\/04\/luzi-768x432.png 768w, https:\/\/vtcs.ch\/wp-content\/uploads\/2026\/04\/luzi.png 1280w\" sizes=\"(max-width: 800px) 100vw, 800px\" \/>\t\t\t\t\t\t\t\t<\/a>\n\t\t\t\t\t\t\t\t\t\t\t\t\t\t\t<\/div>\n\t\t\t\t<\/div>\n\t\t\t\t<div class=\"elementor-element elementor-element-3c6c00a elementor-widget elementor-widget-image\" data-id=\"3c6c00a\" data-element_type=\"widget\" data-e-type=\"widget\" data-widget_type=\"image.default\">\n\t\t\t\t<div class=\"elementor-widget-container\">\n\t\t\t\t\t\t\t\t\t\t\t\t\t\t\t\t<a href=\"https:\/\/www.rmvzol.ch\/\">\n\t\t\t\t\t\t\t<img loading=\"lazy\" decoding=\"async\" width=\"800\" height=\"450\" src=\"https:\/\/vtcs.ch\/wp-content\/uploads\/2026\/04\/rmvzol-1024x576.png\" class=\"attachment-large size-large wp-image-983\" alt=\"\" srcset=\"https:\/\/vtcs.ch\/wp-content\/uploads\/2026\/04\/rmvzol-1024x576.png 1024w, https:\/\/vtcs.ch\/wp-content\/uploads\/2026\/04\/rmvzol-300x169.png 300w, https:\/\/vtcs.ch\/wp-content\/uploads\/2026\/04\/rmvzol-768x432.png 768w, https:\/\/vtcs.ch\/wp-content\/uploads\/2026\/04\/rmvzol.png 1280w\" sizes=\"(max-width: 800px) 100vw, 800px\" \/>\t\t\t\t\t\t\t\t<\/a>\n\t\t\t\t\t\t\t\t\t\t\t\t\t\t\t<\/div>\n\t\t\t\t<\/div>\n\t\t\t\t<div class=\"elementor-element elementor-element-e35c916 elementor-widget elementor-widget-image\" data-id=\"e35c916\" data-element_type=\"widget\" data-e-type=\"widget\" data-widget_type=\"image.default\">\n\t\t\t\t<div class=\"elementor-widget-container\">\n\t\t\t\t\t\t\t\t\t\t\t\t\t\t\t\t<a href=\"https:\/\/www.eltonymate.com\/\">\n\t\t\t\t\t\t\t<img loading=\"lazy\" decoding=\"async\" width=\"800\" height=\"450\" src=\"https:\/\/vtcs.ch\/wp-content\/uploads\/2026\/04\/eltony-1024x576.png\" class=\"attachment-large size-large wp-image-980\" alt=\"\" srcset=\"https:\/\/vtcs.ch\/wp-content\/uploads\/2026\/04\/eltony-1024x576.png 1024w, https:\/\/vtcs.ch\/wp-content\/uploads\/2026\/04\/eltony-300x169.png 300w, https:\/\/vtcs.ch\/wp-content\/uploads\/2026\/04\/eltony-768x432.png 768w, https:\/\/vtcs.ch\/wp-content\/uploads\/2026\/04\/eltony.png 1280w\" sizes=\"(max-width: 800px) 100vw, 800px\" \/>\t\t\t\t\t\t\t\t<\/a>\n\t\t\t\t\t\t\t\t\t\t\t\t\t\t\t<\/div>\n\t\t\t\t<\/div>\n\t\t\t\t<\/div>\n\t\t\t\t<\/div>\n\t\t<div class=\"elementor-element elementor-element-e5c6df0 e-con-full e-flex e-con e-parent\" data-id=\"e5c6df0\" data-element_type=\"container\" data-e-type=\"container\">\n\t\t<div class=\"elementor-element elementor-element-697076b e-grid e-con-full e-con e-child\" data-id=\"697076b\" data-element_type=\"container\" data-e-type=\"container\">\n\t\t\t\t<div class=\"elementor-element elementor-element-baf25bc e-grid-align-mobile-center elementor-shape-rounded elementor-grid-0 e-grid-align-center elementor-widget elementor-widget-social-icons\" data-id=\"baf25bc\" data-element_type=\"widget\" data-e-type=\"widget\" data-widget_type=\"social-icons.default\">\n\t\t\t\t<div class=\"elementor-widget-container\">\n\t\t\t\t\t\t\t<div class=\"elementor-social-icons-wrapper elementor-grid\">\n\t\t\t\t\t\t\t<span class=\"elementor-grid-item\">\n\t\t\t\t\t<a class=\"elementor-icon elementor-social-icon elementor-social-icon-instagram elementor-repeater-item-fcb3ac7\" href=\"https:\/\/www.instagram.com\/velo.trial.club.staefa\/\" target=\"_blank\">\n\t\t\t\t\t\t<span class=\"elementor-screen-only\">Instagram<\/span>\n\t\t\t\t\t\t<svg aria-hidden=\"true\" class=\"e-font-icon-svg e-fab-instagram\" viewBox=\"0 0 448 512\" xmlns=\"http:\/\/www.w3.org\/2000\/svg\"><path d=\"M224.1 141c-63.6 0-114.9 51.3-114.9 114.9s51.3 114.9 114.9 114.9S339 319.5 339 255.9 287.7 141 224.1 141zm0 189.6c-41.1 0-74.7-33.5-74.7-74.7s33.5-74.7 74.7-74.7 74.7 33.5 74.7 74.7-33.6 74.7-74.7 74.7zm146.4-194.3c0 14.9-12 26.8-26.8 26.8-14.9 0-26.8-12-26.8-26.8s12-26.8 26.8-26.8 26.8 12 26.8 26.8zm76.1 27.2c-1.7-35.9-9.9-67.7-36.2-93.9-26.2-26.2-58-34.4-93.9-36.2-37-2.1-147.9-2.1-184.9 0-35.8 1.7-67.6 9.9-93.9 36.1s-34.4 58-36.2 93.9c-2.1 37-2.1 147.9 0 184.9 1.7 35.9 9.9 67.7 36.2 93.9s58 34.4 93.9 36.2c37 2.1 147.9 2.1 184.9 0 35.9-1.7 67.7-9.9 93.9-36.2 26.2-26.2 34.4-58 36.2-93.9 2.1-37 2.1-147.8 0-184.8zM398.8 388c-7.8 19.6-22.9 34.7-42.6 42.6-29.5 11.7-99.5 9-132.1 9s-102.7 2.6-132.1-9c-19.6-7.8-34.7-22.9-42.6-42.6-11.7-29.5-9-99.5-9-132.1s-2.6-102.7 9-132.1c7.8-19.6 22.9-34.7 42.6-42.6 29.5-11.7 99.5-9 132.1-9s102.7-2.6 132.1 9c19.6 7.8 34.7 22.9 42.6 42.6 11.7 29.5 9 99.5 9 132.1s2.7 102.7-9 132.1z\"><\/path><\/svg>\t\t\t\t\t<\/a>\n\t\t\t\t<\/span>\n\t\t\t\t\t<\/div>\n\t\t\t\t\t\t<\/div>\n\t\t\t\t<\/div>\n\t\t\t\t<\/div>\n\t\t\t\t<\/div>\n\t\t\t\t<\/div>\n\t\t","protected":false},"excerpt":{"rendered":"<p>Kontakt Pr\u00e4sident: Christian Bonadimannmail: praesident@vtcs.ch VTCS &#8211; Velo Trial Club St\u00e4faGl\u00e4rnischstrasse 588712 St\u00e4fa mail: info@vtcs.ch Instagram<\/p>\n","protected":false},"author":1,"featured_media":0,"parent":0,"menu_order":0,"comment_status":"closed","ping_status":"closed","template":"","meta":{"footnotes":""},"class_list":["post-782","page","type-page","status-publish","hentry"],"_links":{"self":[{"href":"https:\/\/vtcs.ch\/index.php\/wp-json\/wp\/v2\/pages\/782","targetHints":{"allow":["GET"]}}],"collection":[{"href":"https:\/\/vtcs.ch\/index.php\/wp-json\/wp\/v2\/pages"}],"about":[{"href":"https:\/\/vtcs.ch\/index.php\/wp-json\/wp\/v2\/types\/page"}],"author":[{"embeddable":true,"href":"https:\/\/vtcs.ch\/index.php\/wp-json\/wp\/v2\/users\/1"}],"replies":[{"embeddable":true,"href":"https:\/\/vtcs.ch\/index.php\/wp-json\/wp\/v2\/comments?post=782"}],"version-history":[{"count":10,"href":"https:\/\/vtcs.ch\/index.php\/wp-json\/wp\/v2\/pages\/782\/revisions"}],"predecessor-version":[{"id":1042,"href":"https:\/\/vtcs.ch\/index.php\/wp-json\/wp\/v2\/pages\/782\/revisions\/1042"}],"wp:attachment":[{"href":"https:\/\/vtcs.ch\/index.php\/wp-json\/wp\/v2\/media?parent=782"}],"curies":[{"name":"wp","href":"https:\/\/api.w.org\/{rel}","templated":true}]}}