{"id":550,"date":"2026-04-01T20:38:50","date_gmt":"2026-04-01T20:38:50","guid":{"rendered":"https:\/\/vtcs.ch\/neueseite\/?page_id=550"},"modified":"2026-04-05T13:21:11","modified_gmt":"2026-04-05T13:21:11","slug":"swiss-cup","status":"publish","type":"page","link":"https:\/\/vtcs.ch\/index.php\/swiss-cup\/","title":{"rendered":"Swiss-Cup"},"content":{"rendered":"\t\t<div data-elementor-type=\"wp-page\" data-elementor-id=\"550\" class=\"elementor elementor-550\">\n\t\t\t\t<div class=\"elementor-element elementor-element-67f0e71 e-con-full e-flex e-con e-parent\" data-id=\"67f0e71\" data-element_type=\"container\" data-e-type=\"container\">\n\t\t\t\t<div class=\"elementor-element elementor-element-e6d024a elementor-widget elementor-widget-heading\" data-id=\"e6d024a\" data-element_type=\"widget\" data-e-type=\"widget\" data-widget_type=\"heading.default\">\n\t\t\t\t<div class=\"elementor-widget-container\">\n\t\t\t\t\t<h2 class=\"elementor-heading-title elementor-size-default\">Swiss-Cup<\/h2>\t\t\t\t<\/div>\n\t\t\t\t<\/div>\n\t\t\t\t<\/div>\n\t\t<div class=\"elementor-element elementor-element-8bf2e7c e-con-full e-flex e-con e-parent\" data-id=\"8bf2e7c\" data-element_type=\"container\" data-e-type=\"container\">\n\t\t\t\t<div class=\"elementor-element elementor-element-bc554d5 elementor-widget elementor-widget-text-editor\" data-id=\"bc554d5\" data-element_type=\"widget\" data-e-type=\"widget\" data-widget_type=\"text-editor.default\">\n\t\t\t\t<div class=\"elementor-widget-container\">\n\t\t\t\t\t\t\t\t\t<div class=\"container container-content-excerpt\"><div class=\"row justify-content-center\"><div class=\"col-12 col-xxl-10\"><div class=\"row\"><div class=\"col-12 col-xl-10 font-size-excerpt mb-4\"><p data-path-to-node=\"2\"><b data-path-to-node=\"2\" data-index-in-node=\"0\">Adrenalin, Balance und 100 Tonnen Action: Der Swiss Cup Nr. 6 kommt in den Atzm\u00e4nnig!<\/b><\/p><p data-path-to-node=\"3\">Es ist endlich wieder so weit! Nach einer l\u00e4ngeren Pause meldet sich der <b data-path-to-node=\"3\" data-index-in-node=\"73\">Velo Trial Club St\u00e4fa (VTCS)<\/b> als Organisator zur\u00fcck und bringt die nationale Trial-Elite f\u00fcr den <b data-path-to-node=\"3\" data-index-in-node=\"170\">6. Lauf des Swiss Cups<\/b> in eine der spektakul\u00e4rsten Kulissen der Region.<\/p><p data-path-to-node=\"4\"><b data-path-to-node=\"4\" data-index-in-node=\"0\">Ein Hindernisparcours der Superlative<\/b><\/p><p data-path-to-node=\"5\">Was passiert, wenn sportliche Pr\u00e4zision auf rohe Gewalt trifft? In enger Zusammenarbeit mit der <b data-path-to-node=\"5\" data-index-in-node=\"96\">Schmid Kran AG<\/b> verwandeln wir das Gel\u00e4nde in eine Arena der Giganten. \u00dcber <b data-path-to-node=\"5\" data-index-in-node=\"171\">100 Tonnen Material<\/b> \u2013 massive Felsbl\u00f6cke, schwere Baumst\u00e4mme und Beton-Elemente \u2013 werden extra f\u00fcr diesen Tag aufgebaut, um die Fahrer an ihre Grenzen zu bringen.<\/p><p data-path-to-node=\"6\">Erleben Sie hautnah, wie die Profis die Gesetze der Schwerkraft herausfordern und Hindernisse \u00fcberwinden, die f\u00fcr normale Velofahrer unbezwingbar scheinen. <b data-path-to-node=\"6\" data-index-in-node=\"156\">Spannung und Action pur sind garantiert!<\/b><b data-path-to-node=\"14\" data-index-in-node=\"0\"><\/b><\/p><\/div><\/div><\/div><\/div><\/div>\t\t\t\t\t\t\t\t<\/div>\n\t\t\t\t<\/div>\n\t\t\t\t<div class=\"elementor-element elementor-element-bb429ed elementor-widget elementor-widget-image\" data-id=\"bb429ed\" data-element_type=\"widget\" data-e-type=\"widget\" data-widget_type=\"image.default\">\n\t\t\t\t<div class=\"elementor-widget-container\">\n\t\t\t\t\t\t\t\t\t\t\t\t\t\t\t<img fetchpriority=\"high\" decoding=\"async\" width=\"768\" height=\"513\" src=\"https:\/\/vtcs.ch\/wp-content\/uploads\/2026\/04\/Swiss-Cup-ankuendigung-768x513.jpg\" class=\"attachment-medium_large size-medium_large wp-image-557\" alt=\"\" srcset=\"https:\/\/vtcs.ch\/wp-content\/uploads\/2026\/04\/Swiss-Cup-ankuendigung-768x513.jpg 768w, https:\/\/vtcs.ch\/wp-content\/uploads\/2026\/04\/Swiss-Cup-ankuendigung-300x200.jpg 300w, https:\/\/vtcs.ch\/wp-content\/uploads\/2026\/04\/Swiss-Cup-ankuendigung-1024x684.jpg 1024w, https:\/\/vtcs.ch\/wp-content\/uploads\/2026\/04\/Swiss-Cup-ankuendigung.jpg 1200w\" sizes=\"(max-width: 768px) 100vw, 768px\" \/>\t\t\t\t\t\t\t\t\t\t\t\t\t\t\t<\/div>\n\t\t\t\t<\/div>\n\t\t\t\t<div class=\"elementor-element elementor-element-c73fa96 elementor-widget elementor-widget-text-editor\" data-id=\"c73fa96\" data-element_type=\"widget\" data-e-type=\"widget\" data-widget_type=\"text-editor.default\">\n\t\t\t\t<div class=\"elementor-widget-container\">\n\t\t\t\t\t\t\t\t\t<div class=\"container container-content-excerpt\"><div class=\"row justify-content-center\"><div class=\"col-12 col-xxl-10\"><div class=\"row\"><div class=\"col-12 col-xl-10 font-size-excerpt mb-4\"><p data-path-to-node=\"8\"><b data-path-to-node=\"8\" data-index-in-node=\"0\">Spitzensport trifft Familienspass<\/b><\/p><p data-path-to-node=\"9\">Der Swiss Cup im Atzm\u00e4nnig ist mehr als nur ein Wettkampf \u2013 es ist der perfekte Ausflug f\u00fcr Gross und Klein. W\u00e4hrend die Trial-Cracks um den Sieg k\u00e4mpfen, bietet der <b data-path-to-node=\"9\" data-index-in-node=\"166\">Freizeitort Atzm\u00e4nnig<\/b> das volle Programm f\u00fcr alle Besucher:<\/p><ul data-path-to-node=\"10\"><li><p data-path-to-node=\"10,0,0\"><b data-path-to-node=\"10,0,0\" data-index-in-node=\"0\">Action f\u00fcr alle:<\/b> Sausen Sie die Rodelbahn hinunter oder testen Sie Ihren Mut im Seilpark.<\/p><\/li><li><p data-path-to-node=\"10,1,0\"><b data-path-to-node=\"10,1,0\" data-index-in-node=\"0\">Kulinarik:<\/b> Das erfahrene Gastroteam vom Atzm\u00e4nnig sorgt daf\u00fcr, dass niemand hungrig bleibt und verw\u00f6hnt Sie mit feinen Spezialit\u00e4ten.<\/p><\/li><\/ul><p data-path-to-node=\"11\"><b data-path-to-node=\"11\" data-index-in-node=\"0\">Auf einen Blick:<\/b><\/p><ul data-path-to-node=\"12\"><li><p data-path-to-node=\"12,0,0\"><b data-path-to-node=\"12,0,0\" data-index-in-node=\"0\">Event:<\/b> Velo Trial Swiss Cup Nr. 6<\/p><\/li><li><p data-path-to-node=\"12,1,0\"><b data-path-to-node=\"12,1,0\" data-index-in-node=\"0\">Veranstalter:<\/b> VTCS \u2013 Velo Trial Club St\u00e4fa<\/p><\/li><li><p data-path-to-node=\"12,2,0\"><b data-path-to-node=\"12,2,0\" data-index-in-node=\"0\">Location:<\/b> Freizeitort Atzm\u00e4nnig (Goldingen)<\/p><\/li><li><p data-path-to-node=\"12,3,0\"><b data-path-to-node=\"12,3,0\" data-index-in-node=\"0\">Partner:<\/b> Schmid Kran AG &amp; Atzm\u00e4nnig<\/p><\/li><\/ul><p data-path-to-node=\"13\">Kommen Sie vorbei, feuern Sie die Athleten an und geniessen Sie einen unvergesslichen Tag voller Dynamik und Geschicklichkeit.<\/p><p data-path-to-node=\"14\"><b data-path-to-node=\"14\" data-index-in-node=\"0\">Wir freuen uns auf Sie \u2013 Der Eintritt f\u00fcr Zuschauer ist ein Erlebnis f\u00fcr sich!<\/b><\/p><\/div><\/div><\/div><\/div><\/div>\t\t\t\t\t\t\t\t<\/div>\n\t\t\t\t<\/div>\n\t\t\t\t<\/div>\n\t\t<div class=\"elementor-element elementor-element-5090c35 e-grid e-con-full e-con e-child\" data-id=\"5090c35\" data-element_type=\"container\" data-e-type=\"container\">\n\t\t\t\t<div class=\"elementor-element elementor-element-7009186 elementor-align-center elementor-widget elementor-widget-button\" data-id=\"7009186\" data-element_type=\"widget\" data-e-type=\"widget\" data-widget_type=\"button.default\">\n\t\t\t\t<div class=\"elementor-widget-container\">\n\t\t\t\t\t\t\t\t\t<div class=\"elementor-button-wrapper\">\n\t\t\t\t\t<a class=\"elementor-button elementor-button-link elementor-size-sm\" href=\"https:\/\/vtcs.ch\/wp-content\/uploads\/2026\/04\/Swisscup-Atzmaennig-Competition-Guide.pdf\" target=\"_blank\">\n\t\t\t\t\t\t<span class=\"elementor-button-content-wrapper\">\n\t\t\t\t\t\t\t\t\t<span class=\"elementor-button-text\">Competition Guide<\/span>\n\t\t\t\t\t<\/span>\n\t\t\t\t\t<\/a>\n\t\t\t\t<\/div>\n\t\t\t\t\t\t\t\t<\/div>\n\t\t\t\t<\/div>\n\t\t\t\t<div class=\"elementor-element elementor-element-33d0c85 elementor-align-center elementor-widget elementor-widget-button\" data-id=\"33d0c85\" data-element_type=\"widget\" data-e-type=\"widget\" data-widget_type=\"button.default\">\n\t\t\t\t<div class=\"elementor-widget-container\">\n\t\t\t\t\t\t\t\t\t<div class=\"elementor-button-wrapper\">\n\t\t\t\t\t<a class=\"elementor-button elementor-button-link elementor-size-sm\" href=\"https:\/\/vtcs.ch\/wp-content\/uploads\/2026\/04\/Swisscup-Atzmaennig-Sponsorenbroschuere.pdf\" target=\"_blank\">\n\t\t\t\t\t\t<span class=\"elementor-button-content-wrapper\">\n\t\t\t\t\t\t\t\t\t<span class=\"elementor-button-text\">Sponsorenbrosch\u00fcre<\/span>\n\t\t\t\t\t<\/span>\n\t\t\t\t\t<\/a>\n\t\t\t\t<\/div>\n\t\t\t\t\t\t\t\t<\/div>\n\t\t\t\t<\/div>\n\t\t\t\t<\/div>\n\t\t<div class=\"elementor-element elementor-element-c45da49 e-con-full e-flex e-con e-parent\" data-id=\"c45da49\" data-element_type=\"container\" data-e-type=\"container\">\n\t\t<div class=\"elementor-element elementor-element-970c69f e-grid e-con-full e-con e-child\" data-id=\"970c69f\" data-element_type=\"container\" data-e-type=\"container\">\n\t\t\t\t<div class=\"elementor-element elementor-element-0876226 elementor-widget elementor-widget-image\" data-id=\"0876226\" data-element_type=\"widget\" data-e-type=\"widget\" data-widget_type=\"image.default\">\n\t\t\t\t<div class=\"elementor-widget-container\">\n\t\t\t\t\t\t\t\t\t\t\t\t\t\t\t\t<a href=\"https:\/\/www.atzmaennig.ch\/\">\n\t\t\t\t\t\t\t<img decoding=\"async\" width=\"800\" height=\"450\" src=\"https:\/\/vtcs.ch\/wp-content\/uploads\/2026\/04\/atzmaennig-1024x576.png\" class=\"attachment-large size-large wp-image-978\" alt=\"\" srcset=\"https:\/\/vtcs.ch\/wp-content\/uploads\/2026\/04\/atzmaennig-1024x576.png 1024w, https:\/\/vtcs.ch\/wp-content\/uploads\/2026\/04\/atzmaennig-300x169.png 300w, https:\/\/vtcs.ch\/wp-content\/uploads\/2026\/04\/atzmaennig-768x432.png 768w, https:\/\/vtcs.ch\/wp-content\/uploads\/2026\/04\/atzmaennig.png 1280w\" sizes=\"(max-width: 800px) 100vw, 800px\" \/>\t\t\t\t\t\t\t\t<\/a>\n\t\t\t\t\t\t\t\t\t\t\t\t\t\t\t<\/div>\n\t\t\t\t<\/div>\n\t\t\t\t<div class=\"elementor-element elementor-element-df324ae elementor-widget elementor-widget-image\" data-id=\"df324ae\" data-element_type=\"widget\" data-e-type=\"widget\" data-widget_type=\"image.default\">\n\t\t\t\t<div class=\"elementor-widget-container\">\n\t\t\t\t\t\t\t\t\t\t\t\t\t\t\t\t<a href=\"https:\/\/schmidkran.ch\/\">\n\t\t\t\t\t\t\t<img decoding=\"async\" width=\"800\" height=\"450\" src=\"https:\/\/vtcs.ch\/wp-content\/uploads\/2026\/04\/schmidkran-1024x576.png\" class=\"attachment-large size-large wp-image-984\" alt=\"\" srcset=\"https:\/\/vtcs.ch\/wp-content\/uploads\/2026\/04\/schmidkran-1024x576.png 1024w, https:\/\/vtcs.ch\/wp-content\/uploads\/2026\/04\/schmidkran-300x169.png 300w, https:\/\/vtcs.ch\/wp-content\/uploads\/2026\/04\/schmidkran-768x432.png 768w, https:\/\/vtcs.ch\/wp-content\/uploads\/2026\/04\/schmidkran.png 1280w\" sizes=\"(max-width: 800px) 100vw, 800px\" \/>\t\t\t\t\t\t\t\t<\/a>\n\t\t\t\t\t\t\t\t\t\t\t\t\t\t\t<\/div>\n\t\t\t\t<\/div>\n\t\t\t\t<div class=\"elementor-element elementor-element-9886998 elementor-widget elementor-widget-image\" data-id=\"9886998\" data-element_type=\"widget\" data-e-type=\"widget\" data-widget_type=\"image.default\">\n\t\t\t\t<div class=\"elementor-widget-container\">\n\t\t\t\t\t\t\t\t\t\t\t\t\t\t\t\t<a href=\"https:\/\/www.becycling.ch\/\">\n\t\t\t\t\t\t\t<img loading=\"lazy\" decoding=\"async\" width=\"800\" height=\"450\" src=\"https:\/\/vtcs.ch\/wp-content\/uploads\/2026\/04\/bycycling-1024x576.png\" class=\"attachment-large size-large wp-image-979\" alt=\"\" srcset=\"https:\/\/vtcs.ch\/wp-content\/uploads\/2026\/04\/bycycling-1024x576.png 1024w, https:\/\/vtcs.ch\/wp-content\/uploads\/2026\/04\/bycycling-300x169.png 300w, https:\/\/vtcs.ch\/wp-content\/uploads\/2026\/04\/bycycling-768x432.png 768w, https:\/\/vtcs.ch\/wp-content\/uploads\/2026\/04\/bycycling.png 1280w\" sizes=\"(max-width: 800px) 100vw, 800px\" \/>\t\t\t\t\t\t\t\t<\/a>\n\t\t\t\t\t\t\t\t\t\t\t\t\t\t\t<\/div>\n\t\t\t\t<\/div>\n\t\t\t\t<div class=\"elementor-element elementor-element-0e2c459 elementor-widget elementor-widget-image\" data-id=\"0e2c459\" data-element_type=\"widget\" data-e-type=\"widget\" data-widget_type=\"image.default\">\n\t\t\t\t<div class=\"elementor-widget-container\">\n\t\t\t\t\t\t\t\t\t\t\t\t\t\t\t\t<a href=\"https:\/\/www.ggmeilen.ch\/\">\n\t\t\t\t\t\t\t<img loading=\"lazy\" decoding=\"async\" width=\"800\" height=\"450\" src=\"https:\/\/vtcs.ch\/wp-content\/uploads\/2026\/04\/ggbmeilen-1024x576.png\" class=\"attachment-large size-large wp-image-981\" alt=\"\" srcset=\"https:\/\/vtcs.ch\/wp-content\/uploads\/2026\/04\/ggbmeilen-1024x576.png 1024w, https:\/\/vtcs.ch\/wp-content\/uploads\/2026\/04\/ggbmeilen-300x169.png 300w, https:\/\/vtcs.ch\/wp-content\/uploads\/2026\/04\/ggbmeilen-768x432.png 768w, https:\/\/vtcs.ch\/wp-content\/uploads\/2026\/04\/ggbmeilen.png 1280w\" sizes=\"(max-width: 800px) 100vw, 800px\" \/>\t\t\t\t\t\t\t\t<\/a>\n\t\t\t\t\t\t\t\t\t\t\t\t\t\t\t<\/div>\n\t\t\t\t<\/div>\n\t\t\t\t<div class=\"elementor-element elementor-element-e121751 elementor-widget elementor-widget-image\" data-id=\"e121751\" data-element_type=\"widget\" data-e-type=\"widget\" data-widget_type=\"image.default\">\n\t\t\t\t<div class=\"elementor-widget-container\">\n\t\t\t\t\t\t\t\t\t\t\t\t\t\t\t\t<a href=\"https:\/\/www.pmzimmerei.ch\/\">\n\t\t\t\t\t\t\t<img loading=\"lazy\" decoding=\"async\" width=\"800\" height=\"450\" src=\"https:\/\/vtcs.ch\/wp-content\/uploads\/2026\/04\/pmzimmerei-1024x576.png\" class=\"attachment-large size-large wp-image-990\" alt=\"\" srcset=\"https:\/\/vtcs.ch\/wp-content\/uploads\/2026\/04\/pmzimmerei-1024x576.png 1024w, https:\/\/vtcs.ch\/wp-content\/uploads\/2026\/04\/pmzimmerei-300x169.png 300w, https:\/\/vtcs.ch\/wp-content\/uploads\/2026\/04\/pmzimmerei-768x432.png 768w, https:\/\/vtcs.ch\/wp-content\/uploads\/2026\/04\/pmzimmerei.png 1280w\" sizes=\"(max-width: 800px) 100vw, 800px\" \/>\t\t\t\t\t\t\t\t<\/a>\n\t\t\t\t\t\t\t\t\t\t\t\t\t\t\t<\/div>\n\t\t\t\t<\/div>\n\t\t\t\t<div class=\"elementor-element elementor-element-6be2ef4 elementor-widget elementor-widget-image\" data-id=\"6be2ef4\" data-element_type=\"widget\" data-e-type=\"widget\" data-widget_type=\"image.default\">\n\t\t\t\t<div class=\"elementor-widget-container\">\n\t\t\t\t\t\t\t\t\t\t\t\t\t\t\t\t<a href=\"https:\/\/www.luzi.com\/\">\n\t\t\t\t\t\t\t<img loading=\"lazy\" decoding=\"async\" width=\"800\" height=\"450\" src=\"https:\/\/vtcs.ch\/wp-content\/uploads\/2026\/04\/luzi-1024x576.png\" class=\"attachment-large size-large wp-image-982\" alt=\"\" srcset=\"https:\/\/vtcs.ch\/wp-content\/uploads\/2026\/04\/luzi-1024x576.png 1024w, https:\/\/vtcs.ch\/wp-content\/uploads\/2026\/04\/luzi-300x169.png 300w, https:\/\/vtcs.ch\/wp-content\/uploads\/2026\/04\/luzi-768x432.png 768w, https:\/\/vtcs.ch\/wp-content\/uploads\/2026\/04\/luzi.png 1280w\" sizes=\"(max-width: 800px) 100vw, 800px\" \/>\t\t\t\t\t\t\t\t<\/a>\n\t\t\t\t\t\t\t\t\t\t\t\t\t\t\t<\/div>\n\t\t\t\t<\/div>\n\t\t\t\t<div class=\"elementor-element elementor-element-15c5a2e elementor-widget elementor-widget-image\" data-id=\"15c5a2e\" data-element_type=\"widget\" data-e-type=\"widget\" data-widget_type=\"image.default\">\n\t\t\t\t<div class=\"elementor-widget-container\">\n\t\t\t\t\t\t\t\t\t\t\t\t\t\t\t\t<a href=\"https:\/\/www.rmvzol.ch\/\">\n\t\t\t\t\t\t\t<img loading=\"lazy\" decoding=\"async\" width=\"800\" height=\"450\" src=\"https:\/\/vtcs.ch\/wp-content\/uploads\/2026\/04\/rmvzol-1024x576.png\" class=\"attachment-large size-large wp-image-983\" alt=\"\" srcset=\"https:\/\/vtcs.ch\/wp-content\/uploads\/2026\/04\/rmvzol-1024x576.png 1024w, https:\/\/vtcs.ch\/wp-content\/uploads\/2026\/04\/rmvzol-300x169.png 300w, https:\/\/vtcs.ch\/wp-content\/uploads\/2026\/04\/rmvzol-768x432.png 768w, https:\/\/vtcs.ch\/wp-content\/uploads\/2026\/04\/rmvzol.png 1280w\" sizes=\"(max-width: 800px) 100vw, 800px\" \/>\t\t\t\t\t\t\t\t<\/a>\n\t\t\t\t\t\t\t\t\t\t\t\t\t\t\t<\/div>\n\t\t\t\t<\/div>\n\t\t\t\t<div class=\"elementor-element elementor-element-5ec9b86 elementor-widget elementor-widget-image\" data-id=\"5ec9b86\" data-element_type=\"widget\" data-e-type=\"widget\" data-widget_type=\"image.default\">\n\t\t\t\t<div class=\"elementor-widget-container\">\n\t\t\t\t\t\t\t\t\t\t\t\t\t\t\t\t<a href=\"https:\/\/www.eltonymate.com\/\">\n\t\t\t\t\t\t\t<img loading=\"lazy\" decoding=\"async\" width=\"800\" height=\"450\" src=\"https:\/\/vtcs.ch\/wp-content\/uploads\/2026\/04\/eltony-1024x576.png\" class=\"attachment-large size-large wp-image-980\" alt=\"\" srcset=\"https:\/\/vtcs.ch\/wp-content\/uploads\/2026\/04\/eltony-1024x576.png 1024w, https:\/\/vtcs.ch\/wp-content\/uploads\/2026\/04\/eltony-300x169.png 300w, https:\/\/vtcs.ch\/wp-content\/uploads\/2026\/04\/eltony-768x432.png 768w, https:\/\/vtcs.ch\/wp-content\/uploads\/2026\/04\/eltony.png 1280w\" sizes=\"(max-width: 800px) 100vw, 800px\" \/>\t\t\t\t\t\t\t\t<\/a>\n\t\t\t\t\t\t\t\t\t\t\t\t\t\t\t<\/div>\n\t\t\t\t<\/div>\n\t\t\t\t<\/div>\n\t\t\t\t<\/div>\n\t\t<div class=\"elementor-element elementor-element-b3909e0 e-con-full e-flex e-con e-parent\" data-id=\"b3909e0\" data-element_type=\"container\" data-e-type=\"container\">\n\t\t<div class=\"elementor-element elementor-element-12792af e-grid e-con-full e-con e-child\" data-id=\"12792af\" data-element_type=\"container\" data-e-type=\"container\">\n\t\t\t\t<div class=\"elementor-element elementor-element-bfcd32c e-grid-align-mobile-center elementor-shape-rounded elementor-grid-0 e-grid-align-center elementor-widget elementor-widget-social-icons\" data-id=\"bfcd32c\" data-element_type=\"widget\" data-e-type=\"widget\" data-widget_type=\"social-icons.default\">\n\t\t\t\t<div class=\"elementor-widget-container\">\n\t\t\t\t\t\t\t<div class=\"elementor-social-icons-wrapper elementor-grid\">\n\t\t\t\t\t\t\t<span class=\"elementor-grid-item\">\n\t\t\t\t\t<a class=\"elementor-icon elementor-social-icon elementor-social-icon-instagram elementor-repeater-item-fcb3ac7\" href=\"https:\/\/www.instagram.com\/velo.trial.club.staefa\/\" target=\"_blank\">\n\t\t\t\t\t\t<span class=\"elementor-screen-only\">Instagram<\/span>\n\t\t\t\t\t\t<svg aria-hidden=\"true\" class=\"e-font-icon-svg e-fab-instagram\" viewBox=\"0 0 448 512\" xmlns=\"http:\/\/www.w3.org\/2000\/svg\"><path d=\"M224.1 141c-63.6 0-114.9 51.3-114.9 114.9s51.3 114.9 114.9 114.9S339 319.5 339 255.9 287.7 141 224.1 141zm0 189.6c-41.1 0-74.7-33.5-74.7-74.7s33.5-74.7 74.7-74.7 74.7 33.5 74.7 74.7-33.6 74.7-74.7 74.7zm146.4-194.3c0 14.9-12 26.8-26.8 26.8-14.9 0-26.8-12-26.8-26.8s12-26.8 26.8-26.8 26.8 12 26.8 26.8zm76.1 27.2c-1.7-35.9-9.9-67.7-36.2-93.9-26.2-26.2-58-34.4-93.9-36.2-37-2.1-147.9-2.1-184.9 0-35.8 1.7-67.6 9.9-93.9 36.1s-34.4 58-36.2 93.9c-2.1 37-2.1 147.9 0 184.9 1.7 35.9 9.9 67.7 36.2 93.9s58 34.4 93.9 36.2c37 2.1 147.9 2.1 184.9 0 35.9-1.7 67.7-9.9 93.9-36.2 26.2-26.2 34.4-58 36.2-93.9 2.1-37 2.1-147.8 0-184.8zM398.8 388c-7.8 19.6-22.9 34.7-42.6 42.6-29.5 11.7-99.5 9-132.1 9s-102.7 2.6-132.1-9c-19.6-7.8-34.7-22.9-42.6-42.6-11.7-29.5-9-99.5-9-132.1s-2.6-102.7 9-132.1c7.8-19.6 22.9-34.7 42.6-42.6 29.5-11.7 99.5-9 132.1-9s102.7-2.6 132.1 9c19.6 7.8 34.7 22.9 42.6 42.6 11.7 29.5 9 99.5 9 132.1s2.7 102.7-9 132.1z\"><\/path><\/svg>\t\t\t\t\t<\/a>\n\t\t\t\t<\/span>\n\t\t\t\t\t<\/div>\n\t\t\t\t\t\t<\/div>\n\t\t\t\t<\/div>\n\t\t\t\t<\/div>\n\t\t\t\t<\/div>\n\t\t\t\t<\/div>\n\t\t","protected":false},"excerpt":{"rendered":"<p>Swiss-Cup Adrenalin, Balance und 100 Tonnen Action: Der Swiss Cup Nr. 6 kommt in den Atzm\u00e4nnig! Es ist endlich wieder so weit! Nach einer l\u00e4ngeren Pause meldet sich der Velo Trial Club St\u00e4fa (VTCS) als Organisator zur\u00fcck und bringt die nationale Trial-Elite f\u00fcr den 6. Lauf des Swiss Cups in eine der spektakul\u00e4rsten Kulissen der [&hellip;]<\/p>\n","protected":false},"author":1,"featured_media":0,"parent":0,"menu_order":0,"comment_status":"closed","ping_status":"closed","template":"","meta":{"footnotes":""},"class_list":["post-550","page","type-page","status-publish","hentry"],"_links":{"self":[{"href":"https:\/\/vtcs.ch\/index.php\/wp-json\/wp\/v2\/pages\/550","targetHints":{"allow":["GET"]}}],"collection":[{"href":"https:\/\/vtcs.ch\/index.php\/wp-json\/wp\/v2\/pages"}],"about":[{"href":"https:\/\/vtcs.ch\/index.php\/wp-json\/wp\/v2\/types\/page"}],"author":[{"embeddable":true,"href":"https:\/\/vtcs.ch\/index.php\/wp-json\/wp\/v2\/users\/1"}],"replies":[{"embeddable":true,"href":"https:\/\/vtcs.ch\/index.php\/wp-json\/wp\/v2\/comments?post=550"}],"version-history":[{"count":52,"href":"https:\/\/vtcs.ch\/index.php\/wp-json\/wp\/v2\/pages\/550\/revisions"}],"predecessor-version":[{"id":1027,"href":"https:\/\/vtcs.ch\/index.php\/wp-json\/wp\/v2\/pages\/550\/revisions\/1027"}],"wp:attachment":[{"href":"https:\/\/vtcs.ch\/index.php\/wp-json\/wp\/v2\/media?parent=550"}],"curies":[{"name":"wp","href":"https:\/\/api.w.org\/{rel}","templated":true}]}}