{"id":119,"date":"2025-05-30T20:54:25","date_gmt":"2025-05-30T20:54:25","guid":{"rendered":"https:\/\/vtcs.ch\/neueseite\/?page_id=119"},"modified":"2026-04-05T13:19:13","modified_gmt":"2026-04-05T13:19:13","slug":"elementor-119","status":"publish","type":"page","link":"https:\/\/vtcs.ch\/index.php\/elementor-119\/","title":{"rendered":"Vorstand"},"content":{"rendered":"\t\t<div data-elementor-type=\"wp-page\" data-elementor-id=\"119\" class=\"elementor elementor-119\">\n\t\t\t\t<div class=\"elementor-element elementor-element-22592fa e-con-full e-flex e-con e-parent\" data-id=\"22592fa\" data-element_type=\"container\" data-e-type=\"container\">\n\t\t\t\t<div class=\"elementor-element elementor-element-c78bd1a elementor-widget elementor-widget-heading\" data-id=\"c78bd1a\" data-element_type=\"widget\" data-e-type=\"widget\" data-widget_type=\"heading.default\">\n\t\t\t\t<div class=\"elementor-widget-container\">\n\t\t\t\t\t<h2 class=\"elementor-heading-title elementor-size-default\">Vorstand<\/h2>\t\t\t\t<\/div>\n\t\t\t\t<\/div>\n\t\t\t\t<\/div>\n\t\t<div class=\"elementor-element elementor-element-689c386 e-grid e-con-full e-con e-parent\" data-id=\"689c386\" data-element_type=\"container\" data-e-type=\"container\">\n\t\t<div class=\"elementor-element elementor-element-fdd88bf e-flex e-con-boxed e-con e-child\" data-id=\"fdd88bf\" data-element_type=\"container\" data-e-type=\"container\">\n\t\t\t\t\t<div class=\"e-con-inner\">\n\t\t\t\t<div class=\"elementor-element elementor-element-e0dca1b elementor-widget elementor-widget-heading\" data-id=\"e0dca1b\" data-element_type=\"widget\" data-e-type=\"widget\" data-widget_type=\"heading.default\">\n\t\t\t\t<div class=\"elementor-widget-container\">\n\t\t\t\t\t<h2 class=\"elementor-heading-title elementor-size-default\">Christian<br>Bonadimann<\/h2>\t\t\t\t<\/div>\n\t\t\t\t<\/div>\n\t\t\t\t<div class=\"elementor-element elementor-element-f5058c0 elementor-widget elementor-widget-image\" data-id=\"f5058c0\" data-element_type=\"widget\" data-e-type=\"widget\" data-widget_type=\"image.default\">\n\t\t\t\t<div class=\"elementor-widget-container\">\n\t\t\t\t\t\t\t\t\t\t\t\t\t\t\t<img decoding=\"async\" width=\"150\" height=\"150\" src=\"https:\/\/vtcs.ch\/wp-content\/uploads\/2025\/05\/Logo-VTCS_hg_transparent_400x400-150x150.png\" class=\"attachment-thumbnail size-thumbnail wp-image-17\" alt=\"\" srcset=\"https:\/\/vtcs.ch\/wp-content\/uploads\/2025\/05\/Logo-VTCS_hg_transparent_400x400-150x150.png 150w, https:\/\/vtcs.ch\/wp-content\/uploads\/2025\/05\/Logo-VTCS_hg_transparent_400x400-300x300.png 300w, https:\/\/vtcs.ch\/wp-content\/uploads\/2025\/05\/Logo-VTCS_hg_transparent_400x400.png 400w\" sizes=\"(max-width: 150px) 100vw, 150px\" \/>\t\t\t\t\t\t\t\t\t\t\t\t\t\t\t<\/div>\n\t\t\t\t<\/div>\n\t\t\t\t<div class=\"elementor-element elementor-element-86a3bfd elementor-widget elementor-widget-text-editor\" data-id=\"86a3bfd\" data-element_type=\"widget\" data-e-type=\"widget\" data-widget_type=\"text-editor.default\">\n\t\t\t\t<div class=\"elementor-widget-container\">\n\t\t\t\t\t\t\t\t\t<p>Pr\u00e4sident<\/p>\t\t\t\t\t\t\t\t<\/div>\n\t\t\t\t<\/div>\n\t\t\t\t\t<\/div>\n\t\t\t\t<\/div>\n\t\t<div class=\"elementor-element elementor-element-b90e210 e-flex e-con-boxed e-con e-child\" data-id=\"b90e210\" data-element_type=\"container\" data-e-type=\"container\">\n\t\t\t\t\t<div class=\"e-con-inner\">\n\t\t\t\t<div class=\"elementor-element elementor-element-9a74dbb elementor-widget elementor-widget-heading\" data-id=\"9a74dbb\" data-element_type=\"widget\" data-e-type=\"widget\" data-widget_type=\"heading.default\">\n\t\t\t\t<div class=\"elementor-widget-container\">\n\t\t\t\t\t<h2 class=\"elementor-heading-title elementor-size-default\">Simon<br>Neukom<\/h2>\t\t\t\t<\/div>\n\t\t\t\t<\/div>\n\t\t\t\t<div class=\"elementor-element elementor-element-8092291 elementor-widget elementor-widget-image\" data-id=\"8092291\" data-element_type=\"widget\" data-e-type=\"widget\" data-widget_type=\"image.default\">\n\t\t\t\t<div class=\"elementor-widget-container\">\n\t\t\t\t\t\t\t\t\t\t\t\t\t\t\t<img decoding=\"async\" width=\"150\" height=\"150\" src=\"https:\/\/vtcs.ch\/wp-content\/uploads\/2025\/05\/Logo-VTCS_hg_transparent_400x400-150x150.png\" class=\"attachment-thumbnail size-thumbnail wp-image-17\" alt=\"\" srcset=\"https:\/\/vtcs.ch\/wp-content\/uploads\/2025\/05\/Logo-VTCS_hg_transparent_400x400-150x150.png 150w, https:\/\/vtcs.ch\/wp-content\/uploads\/2025\/05\/Logo-VTCS_hg_transparent_400x400-300x300.png 300w, https:\/\/vtcs.ch\/wp-content\/uploads\/2025\/05\/Logo-VTCS_hg_transparent_400x400.png 400w\" sizes=\"(max-width: 150px) 100vw, 150px\" \/>\t\t\t\t\t\t\t\t\t\t\t\t\t\t\t<\/div>\n\t\t\t\t<\/div>\n\t\t\t\t<div class=\"elementor-element elementor-element-7526b1e elementor-widget elementor-widget-text-editor\" data-id=\"7526b1e\" data-element_type=\"widget\" data-e-type=\"widget\" data-widget_type=\"text-editor.default\">\n\t\t\t\t<div class=\"elementor-widget-container\">\n\t\t\t\t\t\t\t\t\t<p>Vize Pr\u00e4sident<\/p>\t\t\t\t\t\t\t\t<\/div>\n\t\t\t\t<\/div>\n\t\t\t\t\t<\/div>\n\t\t\t\t<\/div>\n\t\t<div class=\"elementor-element elementor-element-b8c9553 e-flex e-con-boxed e-con e-child\" data-id=\"b8c9553\" data-element_type=\"container\" data-e-type=\"container\">\n\t\t\t\t\t<div class=\"e-con-inner\">\n\t\t\t\t<div class=\"elementor-element elementor-element-5f74b8e elementor-widget elementor-widget-heading\" data-id=\"5f74b8e\" data-element_type=\"widget\" data-e-type=\"widget\" data-widget_type=\"heading.default\">\n\t\t\t\t<div class=\"elementor-widget-container\">\n\t\t\t\t\t<h2 class=\"elementor-heading-title elementor-size-default\">Simon<br>H\u00f6lzel<\/h2>\t\t\t\t<\/div>\n\t\t\t\t<\/div>\n\t\t\t\t<div class=\"elementor-element elementor-element-31f16df elementor-widget elementor-widget-image\" data-id=\"31f16df\" data-element_type=\"widget\" data-e-type=\"widget\" data-widget_type=\"image.default\">\n\t\t\t\t<div class=\"elementor-widget-container\">\n\t\t\t\t\t\t\t\t\t\t\t\t\t\t\t<img decoding=\"async\" width=\"150\" height=\"150\" src=\"https:\/\/vtcs.ch\/wp-content\/uploads\/2025\/05\/Logo-VTCS_hg_transparent_400x400-150x150.png\" class=\"attachment-thumbnail size-thumbnail wp-image-17\" alt=\"\" srcset=\"https:\/\/vtcs.ch\/wp-content\/uploads\/2025\/05\/Logo-VTCS_hg_transparent_400x400-150x150.png 150w, https:\/\/vtcs.ch\/wp-content\/uploads\/2025\/05\/Logo-VTCS_hg_transparent_400x400-300x300.png 300w, https:\/\/vtcs.ch\/wp-content\/uploads\/2025\/05\/Logo-VTCS_hg_transparent_400x400.png 400w\" sizes=\"(max-width: 150px) 100vw, 150px\" \/>\t\t\t\t\t\t\t\t\t\t\t\t\t\t\t<\/div>\n\t\t\t\t<\/div>\n\t\t\t\t<div class=\"elementor-element elementor-element-c8c54b4 elementor-widget elementor-widget-text-editor\" data-id=\"c8c54b4\" data-element_type=\"widget\" data-e-type=\"widget\" data-widget_type=\"text-editor.default\">\n\t\t\t\t<div class=\"elementor-widget-container\">\n\t\t\t\t\t\t\t\t\t<p>Hallenchef<\/p>\t\t\t\t\t\t\t\t<\/div>\n\t\t\t\t<\/div>\n\t\t\t\t\t<\/div>\n\t\t\t\t<\/div>\n\t\t<div class=\"elementor-element elementor-element-edb91ea e-flex e-con-boxed e-con e-child\" data-id=\"edb91ea\" data-element_type=\"container\" data-e-type=\"container\">\n\t\t\t\t\t<div class=\"e-con-inner\">\n\t\t\t\t<div class=\"elementor-element elementor-element-698fc4e elementor-widget elementor-widget-heading\" data-id=\"698fc4e\" data-element_type=\"widget\" data-e-type=\"widget\" data-widget_type=\"heading.default\">\n\t\t\t\t<div class=\"elementor-widget-container\">\n\t\t\t\t\t<h2 class=\"elementor-heading-title elementor-size-default\">Tanja<br>Sieber<\/h2>\t\t\t\t<\/div>\n\t\t\t\t<\/div>\n\t\t\t\t<div class=\"elementor-element elementor-element-080be35 elementor-widget elementor-widget-image\" data-id=\"080be35\" data-element_type=\"widget\" data-e-type=\"widget\" data-widget_type=\"image.default\">\n\t\t\t\t<div class=\"elementor-widget-container\">\n\t\t\t\t\t\t\t\t\t\t\t\t\t\t\t<img decoding=\"async\" width=\"150\" height=\"150\" src=\"https:\/\/vtcs.ch\/wp-content\/uploads\/2025\/05\/Logo-VTCS_hg_transparent_400x400-150x150.png\" class=\"attachment-thumbnail size-thumbnail wp-image-17\" alt=\"\" srcset=\"https:\/\/vtcs.ch\/wp-content\/uploads\/2025\/05\/Logo-VTCS_hg_transparent_400x400-150x150.png 150w, https:\/\/vtcs.ch\/wp-content\/uploads\/2025\/05\/Logo-VTCS_hg_transparent_400x400-300x300.png 300w, https:\/\/vtcs.ch\/wp-content\/uploads\/2025\/05\/Logo-VTCS_hg_transparent_400x400.png 400w\" sizes=\"(max-width: 150px) 100vw, 150px\" \/>\t\t\t\t\t\t\t\t\t\t\t\t\t\t\t<\/div>\n\t\t\t\t<\/div>\n\t\t\t\t<div class=\"elementor-element elementor-element-b73e361 elementor-widget elementor-widget-text-editor\" data-id=\"b73e361\" data-element_type=\"widget\" data-e-type=\"widget\" data-widget_type=\"text-editor.default\">\n\t\t\t\t<div class=\"elementor-widget-container\">\n\t\t\t\t\t\t\t\t\t<p>Kassiererin<\/p>\t\t\t\t\t\t\t\t<\/div>\n\t\t\t\t<\/div>\n\t\t\t\t\t<\/div>\n\t\t\t\t<\/div>\n\t\t<div class=\"elementor-element elementor-element-9a9049d e-flex e-con-boxed e-con e-child\" data-id=\"9a9049d\" data-element_type=\"container\" data-e-type=\"container\">\n\t\t\t\t\t<div class=\"e-con-inner\">\n\t\t\t\t<div class=\"elementor-element elementor-element-bf76629 elementor-widget elementor-widget-heading\" data-id=\"bf76629\" data-element_type=\"widget\" data-e-type=\"widget\" data-widget_type=\"heading.default\">\n\t\t\t\t<div class=\"elementor-widget-container\">\n\t\t\t\t\t<h2 class=\"elementor-heading-title elementor-size-default\">Shirin<br>Sieber<\/h2>\t\t\t\t<\/div>\n\t\t\t\t<\/div>\n\t\t\t\t<div class=\"elementor-element elementor-element-4bd194b elementor-widget elementor-widget-image\" data-id=\"4bd194b\" data-element_type=\"widget\" data-e-type=\"widget\" data-widget_type=\"image.default\">\n\t\t\t\t<div class=\"elementor-widget-container\">\n\t\t\t\t\t\t\t\t\t\t\t\t\t\t\t<img decoding=\"async\" width=\"150\" height=\"150\" src=\"https:\/\/vtcs.ch\/wp-content\/uploads\/2025\/05\/Logo-VTCS_hg_transparent_400x400-150x150.png\" class=\"attachment-thumbnail size-thumbnail wp-image-17\" alt=\"\" srcset=\"https:\/\/vtcs.ch\/wp-content\/uploads\/2025\/05\/Logo-VTCS_hg_transparent_400x400-150x150.png 150w, https:\/\/vtcs.ch\/wp-content\/uploads\/2025\/05\/Logo-VTCS_hg_transparent_400x400-300x300.png 300w, https:\/\/vtcs.ch\/wp-content\/uploads\/2025\/05\/Logo-VTCS_hg_transparent_400x400.png 400w\" sizes=\"(max-width: 150px) 100vw, 150px\" \/>\t\t\t\t\t\t\t\t\t\t\t\t\t\t\t<\/div>\n\t\t\t\t<\/div>\n\t\t\t\t<div class=\"elementor-element elementor-element-3a60817 elementor-widget elementor-widget-text-editor\" data-id=\"3a60817\" data-element_type=\"widget\" data-e-type=\"widget\" data-widget_type=\"text-editor.default\">\n\t\t\t\t<div class=\"elementor-widget-container\">\n\t\t\t\t\t\t\t\t\t<p>Eventmanagerin<\/p>\t\t\t\t\t\t\t\t<\/div>\n\t\t\t\t<\/div>\n\t\t\t\t\t<\/div>\n\t\t\t\t<\/div>\n\t\t<div class=\"elementor-element elementor-element-f82cfbc e-flex e-con-boxed e-con e-child\" data-id=\"f82cfbc\" data-element_type=\"container\" data-e-type=\"container\">\n\t\t\t\t\t<div class=\"e-con-inner\">\n\t\t\t\t<div class=\"elementor-element elementor-element-4517d11 elementor-widget elementor-widget-heading\" data-id=\"4517d11\" data-element_type=\"widget\" data-e-type=\"widget\" data-widget_type=\"heading.default\">\n\t\t\t\t<div class=\"elementor-widget-container\">\n\t\t\t\t\t<h2 class=\"elementor-heading-title elementor-size-default\">Loris<br>Keller<\/h2>\t\t\t\t<\/div>\n\t\t\t\t<\/div>\n\t\t\t\t<div class=\"elementor-element elementor-element-0512b2d elementor-widget elementor-widget-image\" data-id=\"0512b2d\" data-element_type=\"widget\" data-e-type=\"widget\" data-widget_type=\"image.default\">\n\t\t\t\t<div class=\"elementor-widget-container\">\n\t\t\t\t\t\t\t\t\t\t\t\t\t\t\t<img decoding=\"async\" width=\"150\" height=\"150\" src=\"https:\/\/vtcs.ch\/wp-content\/uploads\/2025\/05\/Logo-VTCS_hg_transparent_400x400-150x150.png\" class=\"attachment-thumbnail size-thumbnail wp-image-17\" alt=\"\" srcset=\"https:\/\/vtcs.ch\/wp-content\/uploads\/2025\/05\/Logo-VTCS_hg_transparent_400x400-150x150.png 150w, https:\/\/vtcs.ch\/wp-content\/uploads\/2025\/05\/Logo-VTCS_hg_transparent_400x400-300x300.png 300w, https:\/\/vtcs.ch\/wp-content\/uploads\/2025\/05\/Logo-VTCS_hg_transparent_400x400.png 400w\" sizes=\"(max-width: 150px) 100vw, 150px\" \/>\t\t\t\t\t\t\t\t\t\t\t\t\t\t\t<\/div>\n\t\t\t\t<\/div>\n\t\t\t\t<div class=\"elementor-element elementor-element-f5484c8 elementor-widget elementor-widget-text-editor\" data-id=\"f5484c8\" data-element_type=\"widget\" data-e-type=\"widget\" data-widget_type=\"text-editor.default\">\n\t\t\t\t<div class=\"elementor-widget-container\">\n\t\t\t\t\t\t\t\t\t<p>Fahrervertreter<\/p>\t\t\t\t\t\t\t\t<\/div>\n\t\t\t\t<\/div>\n\t\t\t\t\t<\/div>\n\t\t\t\t<\/div>\n\t\t\t\t<\/div>\n\t\t<div class=\"elementor-element elementor-element-c2350d7 e-con-full e-flex e-con e-parent\" data-id=\"c2350d7\" data-element_type=\"container\" data-e-type=\"container\">\n\t\t<div class=\"elementor-element elementor-element-2a301b8 e-grid e-con-full e-con e-child\" data-id=\"2a301b8\" data-element_type=\"container\" data-e-type=\"container\">\n\t\t\t\t<div class=\"elementor-element elementor-element-0187b13 elementor-widget elementor-widget-image\" data-id=\"0187b13\" data-element_type=\"widget\" data-e-type=\"widget\" data-widget_type=\"image.default\">\n\t\t\t\t<div class=\"elementor-widget-container\">\n\t\t\t\t\t\t\t\t\t\t\t\t\t\t\t\t<a href=\"https:\/\/www.atzmaennig.ch\/\">\n\t\t\t\t\t\t\t<img fetchpriority=\"high\" decoding=\"async\" width=\"800\" height=\"450\" src=\"https:\/\/vtcs.ch\/wp-content\/uploads\/2026\/04\/atzmaennig-1024x576.png\" class=\"attachment-large size-large wp-image-978\" alt=\"\" srcset=\"https:\/\/vtcs.ch\/wp-content\/uploads\/2026\/04\/atzmaennig-1024x576.png 1024w, https:\/\/vtcs.ch\/wp-content\/uploads\/2026\/04\/atzmaennig-300x169.png 300w, https:\/\/vtcs.ch\/wp-content\/uploads\/2026\/04\/atzmaennig-768x432.png 768w, https:\/\/vtcs.ch\/wp-content\/uploads\/2026\/04\/atzmaennig.png 1280w\" sizes=\"(max-width: 800px) 100vw, 800px\" \/>\t\t\t\t\t\t\t\t<\/a>\n\t\t\t\t\t\t\t\t\t\t\t\t\t\t\t<\/div>\n\t\t\t\t<\/div>\n\t\t\t\t<div class=\"elementor-element elementor-element-3fb94b3 elementor-widget elementor-widget-image\" data-id=\"3fb94b3\" data-element_type=\"widget\" data-e-type=\"widget\" data-widget_type=\"image.default\">\n\t\t\t\t<div class=\"elementor-widget-container\">\n\t\t\t\t\t\t\t\t\t\t\t\t\t\t\t\t<a href=\"https:\/\/schmidkran.ch\/\">\n\t\t\t\t\t\t\t<img decoding=\"async\" width=\"800\" height=\"450\" src=\"https:\/\/vtcs.ch\/wp-content\/uploads\/2026\/04\/schmidkran-1024x576.png\" class=\"attachment-large size-large wp-image-984\" alt=\"\" srcset=\"https:\/\/vtcs.ch\/wp-content\/uploads\/2026\/04\/schmidkran-1024x576.png 1024w, https:\/\/vtcs.ch\/wp-content\/uploads\/2026\/04\/schmidkran-300x169.png 300w, https:\/\/vtcs.ch\/wp-content\/uploads\/2026\/04\/schmidkran-768x432.png 768w, https:\/\/vtcs.ch\/wp-content\/uploads\/2026\/04\/schmidkran.png 1280w\" sizes=\"(max-width: 800px) 100vw, 800px\" \/>\t\t\t\t\t\t\t\t<\/a>\n\t\t\t\t\t\t\t\t\t\t\t\t\t\t\t<\/div>\n\t\t\t\t<\/div>\n\t\t\t\t<div class=\"elementor-element elementor-element-3ec671f elementor-widget elementor-widget-image\" data-id=\"3ec671f\" data-element_type=\"widget\" data-e-type=\"widget\" data-widget_type=\"image.default\">\n\t\t\t\t<div class=\"elementor-widget-container\">\n\t\t\t\t\t\t\t\t\t\t\t\t\t\t\t\t<a href=\"https:\/\/www.becycling.ch\/\">\n\t\t\t\t\t\t\t<img loading=\"lazy\" decoding=\"async\" width=\"800\" height=\"450\" src=\"https:\/\/vtcs.ch\/wp-content\/uploads\/2026\/04\/bycycling-1024x576.png\" class=\"attachment-large size-large wp-image-979\" alt=\"\" srcset=\"https:\/\/vtcs.ch\/wp-content\/uploads\/2026\/04\/bycycling-1024x576.png 1024w, https:\/\/vtcs.ch\/wp-content\/uploads\/2026\/04\/bycycling-300x169.png 300w, https:\/\/vtcs.ch\/wp-content\/uploads\/2026\/04\/bycycling-768x432.png 768w, https:\/\/vtcs.ch\/wp-content\/uploads\/2026\/04\/bycycling.png 1280w\" sizes=\"(max-width: 800px) 100vw, 800px\" \/>\t\t\t\t\t\t\t\t<\/a>\n\t\t\t\t\t\t\t\t\t\t\t\t\t\t\t<\/div>\n\t\t\t\t<\/div>\n\t\t\t\t<div class=\"elementor-element elementor-element-41ef967 elementor-widget elementor-widget-image\" data-id=\"41ef967\" data-element_type=\"widget\" data-e-type=\"widget\" data-widget_type=\"image.default\">\n\t\t\t\t<div class=\"elementor-widget-container\">\n\t\t\t\t\t\t\t\t\t\t\t\t\t\t\t\t<a href=\"https:\/\/www.ggmeilen.ch\/\">\n\t\t\t\t\t\t\t<img loading=\"lazy\" decoding=\"async\" width=\"800\" height=\"450\" src=\"https:\/\/vtcs.ch\/wp-content\/uploads\/2026\/04\/ggbmeilen-1024x576.png\" class=\"attachment-large size-large wp-image-981\" alt=\"\" srcset=\"https:\/\/vtcs.ch\/wp-content\/uploads\/2026\/04\/ggbmeilen-1024x576.png 1024w, https:\/\/vtcs.ch\/wp-content\/uploads\/2026\/04\/ggbmeilen-300x169.png 300w, https:\/\/vtcs.ch\/wp-content\/uploads\/2026\/04\/ggbmeilen-768x432.png 768w, https:\/\/vtcs.ch\/wp-content\/uploads\/2026\/04\/ggbmeilen.png 1280w\" sizes=\"(max-width: 800px) 100vw, 800px\" \/>\t\t\t\t\t\t\t\t<\/a>\n\t\t\t\t\t\t\t\t\t\t\t\t\t\t\t<\/div>\n\t\t\t\t<\/div>\n\t\t\t\t<div class=\"elementor-element elementor-element-811e28f elementor-widget elementor-widget-image\" data-id=\"811e28f\" data-element_type=\"widget\" data-e-type=\"widget\" data-widget_type=\"image.default\">\n\t\t\t\t<div class=\"elementor-widget-container\">\n\t\t\t\t\t\t\t\t\t\t\t\t\t\t\t\t<a href=\"https:\/\/www.pmzimmerei.ch\/\">\n\t\t\t\t\t\t\t<img loading=\"lazy\" decoding=\"async\" width=\"800\" height=\"450\" src=\"https:\/\/vtcs.ch\/wp-content\/uploads\/2026\/04\/pmzimmerei-1024x576.png\" class=\"attachment-large size-large wp-image-990\" alt=\"\" srcset=\"https:\/\/vtcs.ch\/wp-content\/uploads\/2026\/04\/pmzimmerei-1024x576.png 1024w, https:\/\/vtcs.ch\/wp-content\/uploads\/2026\/04\/pmzimmerei-300x169.png 300w, https:\/\/vtcs.ch\/wp-content\/uploads\/2026\/04\/pmzimmerei-768x432.png 768w, https:\/\/vtcs.ch\/wp-content\/uploads\/2026\/04\/pmzimmerei.png 1280w\" sizes=\"(max-width: 800px) 100vw, 800px\" \/>\t\t\t\t\t\t\t\t<\/a>\n\t\t\t\t\t\t\t\t\t\t\t\t\t\t\t<\/div>\n\t\t\t\t<\/div>\n\t\t\t\t<div class=\"elementor-element elementor-element-c318cef elementor-widget elementor-widget-image\" data-id=\"c318cef\" data-element_type=\"widget\" data-e-type=\"widget\" data-widget_type=\"image.default\">\n\t\t\t\t<div class=\"elementor-widget-container\">\n\t\t\t\t\t\t\t\t\t\t\t\t\t\t\t\t<a href=\"https:\/\/www.luzi.com\/\">\n\t\t\t\t\t\t\t<img loading=\"lazy\" decoding=\"async\" width=\"800\" height=\"450\" src=\"https:\/\/vtcs.ch\/wp-content\/uploads\/2026\/04\/luzi-1024x576.png\" class=\"attachment-large size-large wp-image-982\" alt=\"\" srcset=\"https:\/\/vtcs.ch\/wp-content\/uploads\/2026\/04\/luzi-1024x576.png 1024w, https:\/\/vtcs.ch\/wp-content\/uploads\/2026\/04\/luzi-300x169.png 300w, https:\/\/vtcs.ch\/wp-content\/uploads\/2026\/04\/luzi-768x432.png 768w, https:\/\/vtcs.ch\/wp-content\/uploads\/2026\/04\/luzi.png 1280w\" sizes=\"(max-width: 800px) 100vw, 800px\" \/>\t\t\t\t\t\t\t\t<\/a>\n\t\t\t\t\t\t\t\t\t\t\t\t\t\t\t<\/div>\n\t\t\t\t<\/div>\n\t\t\t\t<div class=\"elementor-element elementor-element-340fe81 elementor-widget elementor-widget-image\" data-id=\"340fe81\" data-element_type=\"widget\" data-e-type=\"widget\" data-widget_type=\"image.default\">\n\t\t\t\t<div class=\"elementor-widget-container\">\n\t\t\t\t\t\t\t\t\t\t\t\t\t\t\t\t<a href=\"https:\/\/www.rmvzol.ch\/\">\n\t\t\t\t\t\t\t<img loading=\"lazy\" decoding=\"async\" width=\"800\" height=\"450\" src=\"https:\/\/vtcs.ch\/wp-content\/uploads\/2026\/04\/rmvzol-1024x576.png\" class=\"attachment-large size-large wp-image-983\" alt=\"\" srcset=\"https:\/\/vtcs.ch\/wp-content\/uploads\/2026\/04\/rmvzol-1024x576.png 1024w, https:\/\/vtcs.ch\/wp-content\/uploads\/2026\/04\/rmvzol-300x169.png 300w, https:\/\/vtcs.ch\/wp-content\/uploads\/2026\/04\/rmvzol-768x432.png 768w, https:\/\/vtcs.ch\/wp-content\/uploads\/2026\/04\/rmvzol.png 1280w\" sizes=\"(max-width: 800px) 100vw, 800px\" \/>\t\t\t\t\t\t\t\t<\/a>\n\t\t\t\t\t\t\t\t\t\t\t\t\t\t\t<\/div>\n\t\t\t\t<\/div>\n\t\t\t\t<div class=\"elementor-element elementor-element-1c5bddd elementor-widget elementor-widget-image\" data-id=\"1c5bddd\" data-element_type=\"widget\" data-e-type=\"widget\" data-widget_type=\"image.default\">\n\t\t\t\t<div class=\"elementor-widget-container\">\n\t\t\t\t\t\t\t\t\t\t\t\t\t\t\t\t<a href=\"https:\/\/www.eltonymate.com\/\">\n\t\t\t\t\t\t\t<img loading=\"lazy\" decoding=\"async\" width=\"800\" height=\"450\" src=\"https:\/\/vtcs.ch\/wp-content\/uploads\/2026\/04\/eltony-1024x576.png\" class=\"attachment-large size-large wp-image-980\" alt=\"\" srcset=\"https:\/\/vtcs.ch\/wp-content\/uploads\/2026\/04\/eltony-1024x576.png 1024w, https:\/\/vtcs.ch\/wp-content\/uploads\/2026\/04\/eltony-300x169.png 300w, https:\/\/vtcs.ch\/wp-content\/uploads\/2026\/04\/eltony-768x432.png 768w, https:\/\/vtcs.ch\/wp-content\/uploads\/2026\/04\/eltony.png 1280w\" sizes=\"(max-width: 800px) 100vw, 800px\" \/>\t\t\t\t\t\t\t\t<\/a>\n\t\t\t\t\t\t\t\t\t\t\t\t\t\t\t<\/div>\n\t\t\t\t<\/div>\n\t\t\t\t<\/div>\n\t\t\t\t<\/div>\n\t\t<div class=\"elementor-element elementor-element-fbbb3dd e-con-full e-flex e-con e-parent\" data-id=\"fbbb3dd\" data-element_type=\"container\" data-e-type=\"container\">\n\t\t<div class=\"elementor-element elementor-element-29b7d73 e-grid e-con-full e-con e-child\" data-id=\"29b7d73\" data-element_type=\"container\" data-e-type=\"container\">\n\t\t\t\t<div class=\"elementor-element elementor-element-52fc96c e-grid-align-mobile-center elementor-shape-rounded elementor-grid-0 e-grid-align-center elementor-widget elementor-widget-social-icons\" data-id=\"52fc96c\" data-element_type=\"widget\" data-e-type=\"widget\" data-widget_type=\"social-icons.default\">\n\t\t\t\t<div class=\"elementor-widget-container\">\n\t\t\t\t\t\t\t<div class=\"elementor-social-icons-wrapper elementor-grid\">\n\t\t\t\t\t\t\t<span class=\"elementor-grid-item\">\n\t\t\t\t\t<a class=\"elementor-icon elementor-social-icon elementor-social-icon-instagram elementor-repeater-item-fcb3ac7\" href=\"https:\/\/www.instagram.com\/velo.trial.club.staefa\/\" target=\"_blank\">\n\t\t\t\t\t\t<span class=\"elementor-screen-only\">Instagram<\/span>\n\t\t\t\t\t\t<svg aria-hidden=\"true\" class=\"e-font-icon-svg e-fab-instagram\" viewBox=\"0 0 448 512\" xmlns=\"http:\/\/www.w3.org\/2000\/svg\"><path d=\"M224.1 141c-63.6 0-114.9 51.3-114.9 114.9s51.3 114.9 114.9 114.9S339 319.5 339 255.9 287.7 141 224.1 141zm0 189.6c-41.1 0-74.7-33.5-74.7-74.7s33.5-74.7 74.7-74.7 74.7 33.5 74.7 74.7-33.6 74.7-74.7 74.7zm146.4-194.3c0 14.9-12 26.8-26.8 26.8-14.9 0-26.8-12-26.8-26.8s12-26.8 26.8-26.8 26.8 12 26.8 26.8zm76.1 27.2c-1.7-35.9-9.9-67.7-36.2-93.9-26.2-26.2-58-34.4-93.9-36.2-37-2.1-147.9-2.1-184.9 0-35.8 1.7-67.6 9.9-93.9 36.1s-34.4 58-36.2 93.9c-2.1 37-2.1 147.9 0 184.9 1.7 35.9 9.9 67.7 36.2 93.9s58 34.4 93.9 36.2c37 2.1 147.9 2.1 184.9 0 35.9-1.7 67.7-9.9 93.9-36.2 26.2-26.2 34.4-58 36.2-93.9 2.1-37 2.1-147.8 0-184.8zM398.8 388c-7.8 19.6-22.9 34.7-42.6 42.6-29.5 11.7-99.5 9-132.1 9s-102.7 2.6-132.1-9c-19.6-7.8-34.7-22.9-42.6-42.6-11.7-29.5-9-99.5-9-132.1s-2.6-102.7 9-132.1c7.8-19.6 22.9-34.7 42.6-42.6 29.5-11.7 99.5-9 132.1-9s102.7-2.6 132.1 9c19.6 7.8 34.7 22.9 42.6 42.6 11.7 29.5 9 99.5 9 132.1s2.7 102.7-9 132.1z\"><\/path><\/svg>\t\t\t\t\t<\/a>\n\t\t\t\t<\/span>\n\t\t\t\t\t<\/div>\n\t\t\t\t\t\t<\/div>\n\t\t\t\t<\/div>\n\t\t\t\t<\/div>\n\t\t\t\t<\/div>\n\t\t\t\t<\/div>\n\t\t","protected":false},"excerpt":{"rendered":"<p>Vorstand ChristianBonadimann Pr\u00e4sident SimonNeukom Vize Pr\u00e4sident SimonH\u00f6lzel Hallenchef TanjaSieber Kassiererin ShirinSieber Eventmanagerin LorisKeller Fahrervertreter Instagram<\/p>\n","protected":false},"author":1,"featured_media":0,"parent":0,"menu_order":0,"comment_status":"closed","ping_status":"closed","template":"","meta":{"footnotes":""},"class_list":["post-119","page","type-page","status-publish","hentry"],"_links":{"self":[{"href":"https:\/\/vtcs.ch\/index.php\/wp-json\/wp\/v2\/pages\/119","targetHints":{"allow":["GET"]}}],"collection":[{"href":"https:\/\/vtcs.ch\/index.php\/wp-json\/wp\/v2\/pages"}],"about":[{"href":"https:\/\/vtcs.ch\/index.php\/wp-json\/wp\/v2\/types\/page"}],"author":[{"embeddable":true,"href":"https:\/\/vtcs.ch\/index.php\/wp-json\/wp\/v2\/users\/1"}],"replies":[{"embeddable":true,"href":"https:\/\/vtcs.ch\/index.php\/wp-json\/wp\/v2\/comments?post=119"}],"version-history":[{"count":61,"href":"https:\/\/vtcs.ch\/index.php\/wp-json\/wp\/v2\/pages\/119\/revisions"}],"predecessor-version":[{"id":1015,"href":"https:\/\/vtcs.ch\/index.php\/wp-json\/wp\/v2\/pages\/119\/revisions\/1015"}],"wp:attachment":[{"href":"https:\/\/vtcs.ch\/index.php\/wp-json\/wp\/v2\/media?parent=119"}],"curies":[{"name":"wp","href":"https:\/\/api.w.org\/{rel}","templated":true}]}}